{"id":1665,"date":"2024-01-25T00:20:03","date_gmt":"2024-01-24T23:20:03","guid":{"rendered":"https:\/\/lkdhs.online\/?page_id=1665"},"modified":"2024-10-30T15:20:59","modified_gmt":"2024-10-30T14:20:59","slug":"boutique","status":"publish","type":"page","link":"https:\/\/sgsr.sn\/?page_id=1665","title":{"rendered":"Boutique"},"content":{"rendered":"\t\t<div data-elementor-type=\"wp-page\" data-elementor-id=\"1665\" class=\"elementor elementor-1665\">\n\t\t\t\t<div class=\"elementor-element elementor-element-b9324b5 elementor-hidden-desktop elementor-hidden-tablet e-flex e-con-boxed e-con e-parent\" data-id=\"b9324b5\" data-element_type=\"container\" data-settings=\"{&quot;background_background&quot;:&quot;classic&quot;}\">\n\t\t\t\t\t<div class=\"e-con-inner\">\n\t\t\t\t\t<\/div>\n\t\t\t\t<\/div>\n\t\t<div class=\"elementor-element elementor-element-fd98a7e elementor-hidden-mobile e-flex e-con-boxed e-con e-parent\" data-id=\"fd98a7e\" data-element_type=\"container\" data-settings=\"{&quot;background_background&quot;:&quot;classic&quot;}\">\n\t\t\t\t\t<div class=\"e-con-inner\">\n\t\t\t\t\t<\/div>\n\t\t\t\t<\/div>\n\t\t<div class=\"elementor-element elementor-element-dd4093d e-flex e-con-boxed e-con e-parent\" data-id=\"dd4093d\" data-element_type=\"container\" data-settings=\"{&quot;background_background&quot;:&quot;classic&quot;,&quot;shape_divider_top&quot;:&quot;curve&quot;,&quot;shape_divider_top_negative&quot;:&quot;yes&quot;}\">\n\t\t\t\t\t<div class=\"e-con-inner\">\n\t\t\t\t<div class=\"elementor-shape elementor-shape-top\" data-negative=\"true\">\n\t\t\t<svg xmlns=\"http:\/\/www.w3.org\/2000\/svg\" viewBox=\"0 0 1000 100\" preserveAspectRatio=\"none\">\n\t<path class=\"elementor-shape-fill\" d=\"M500,97C126.7,96.3,0.8,19.8,0,0v100l1000,0V1C1000,19.4,873.3,97.8,500,97z\"\/>\n<\/svg>\t\t<\/div>\n\t\t\t\t<div class=\"elementor-element elementor-element-9a3242a elementor-widget elementor-widget-heading\" data-id=\"9a3242a\" data-element_type=\"widget\" data-widget_type=\"heading.default\">\n\t\t\t\t<div class=\"elementor-widget-container\">\n\t\t\t\t\t<h1 class=\"elementor-heading-title elementor-size-xl\">Faite vous plaisir en aidant<\/h1>\t\t\t\t<\/div>\n\t\t\t\t<\/div>\n\t\t\t\t<div class=\"elementor-element elementor-element-5c06594 elementor-widget elementor-widget-text-editor\" data-id=\"5c06594\" data-element_type=\"widget\" data-widget_type=\"text-editor.default\">\n\t\t\t\t<div class=\"elementor-widget-container\">\n\t\t\t\t\t\t\t\t\t<div class=\"flex max-w-full flex-col flex-grow\"><div class=\"min-h-8 text-message flex w-full flex-col items-end gap-2 whitespace-normal break-words [.text-message+&amp;]:mt-5\" dir=\"auto\" data-message-author-role=\"assistant\" data-message-id=\"1a7b87d8-7a4d-4918-83e3-0e84bde225b2\" data-message-model-slug=\"gpt-4o\"><div class=\"flex w-full flex-col gap-1 empty:hidden first:pt-[3px]\"><div class=\"markdown prose w-full break-words dark:prose-invert light\"><p>Bienvenue sur notre site ! Ici, chaque achat que vous faites contribue directement \u00e0 une cause importante. En effet, tous les b\u00e9n\u00e9fices g\u00e9n\u00e9r\u00e9s par la vente de ces articles servent \u00e0 financer les missions de Sunugaalsunureew, notre association d\u00e9di\u00e9e \u00e0 soutenir les plus d\u00e9munis et \u00e0 offrir des chances \u00e9gales de r\u00e9ussite \u00e0 chacun.<\/p><p>Tous les produits que vous voyez sont des dons g\u00e9n\u00e9reux de nos partenaires ou des investissements de l\u2019association, visant \u00e0 financer nos projets d&#8217;entraide et de solidarit\u00e9. Merci pour votre soutien et pour faire partie de cette belle aventure !<\/p><\/div><\/div><\/div><\/div><div class=\"mb-2 flex gap-3 empty:hidden -ml-2\"><div class=\"items-center justify-start rounded-xl p-1 flex\"><div class=\"flex items-center\"><div class=\"flex items-center pb-0\">\u00a0<\/div><\/div><\/div><\/div>\t\t\t\t\t\t\t\t<\/div>\n\t\t\t\t<\/div>\n\t\t\t\t\t<\/div>\n\t\t\t\t<\/div>\n\t\t<div class=\"elementor-element elementor-element-698bdf4 e-flex e-con-boxed e-con e-parent\" data-id=\"698bdf4\" data-element_type=\"container\" data-settings=\"{&quot;background_background&quot;:&quot;classic&quot;}\">\n\t\t\t\t\t<div class=\"e-con-inner\">\n\t\t\t\t<div class=\"elementor-element elementor-element-4a9a3f1 premium-woo-product-align-center premium-qv-hidden-yes elementor-widget elementor-widget-premium-woo-products\" data-id=\"4a9a3f1\" data-element_type=\"widget\" data-widget_type=\"premium-woo-products.grid-1\">\n\t\t\t\t<div class=\"elementor-widget-container\">\n\t\t\t\t\t<div class=\"premium-woocommerce premium-woo-products-grid premium-woo-skin-grid-1 premium-woo-query-all\" data-page-id=\"1665\" data-skin=\"grid_1\" data-quick-view=\"yes\"><div class=\"premium-woo-products-inner premium-woo-product__hover-swap\"><ul class=\"products columns-4\">\n\n<li class=\" post-1990 product first outofstock shipping-taxable purchasable product-type-simple\">\n\t<div class=\"premium-woo-product-wrapper premium-con-lq__none\">\n\t\t<div class=\"premium-woo-product-thumbnail\"><a href=\"https:\/\/sgsr.sn\/?product=pull-soutien-soudan\" class=\"woocommerce-LoopProduct-link woocommerce-loop-product__link\"><img decoding=\"async\" src=\"https:\/\/sgsr.sn\/wp-content\/uploads\/2024\/06\/Design-sans-titre-105.png\" alt=\"\"><img fetchpriority=\"high\" decoding=\"async\" width=\"1024\" height=\"1024\" src=\"https:\/\/sgsr.sn\/wp-content\/uploads\/2024\/06\/Design-sans-titre-106.png\" class=\"premium-woo-product__on_hover\" alt=\"\" srcset=\"https:\/\/sgsr.sn\/wp-content\/uploads\/2024\/06\/Design-sans-titre-106.png 1024w, https:\/\/sgsr.sn\/wp-content\/uploads\/2024\/06\/Design-sans-titre-106-300x300.png 300w, https:\/\/sgsr.sn\/wp-content\/uploads\/2024\/06\/Design-sans-titre-106-150x150.png 150w, https:\/\/sgsr.sn\/wp-content\/uploads\/2024\/06\/Design-sans-titre-106-768x768.png 768w, https:\/\/sgsr.sn\/wp-content\/uploads\/2024\/06\/Design-sans-titre-106-600x600.png 600w, https:\/\/sgsr.sn\/wp-content\/uploads\/2024\/06\/Design-sans-titre-106-100x100.png 100w\" sizes=\"(max-width: 1024px) 100vw, 1024px\" \/><\/a><div class=\"premium-woo-qv-btn premium-woo-qv-btn-translate\" data-product-id=\"1990\">Vue rapide<i class=\"premium-woo-qv-icon fa fa-eye\" aria-hidden=\"true\"><\/i><\/div><\/div><div class=\"premium-woo-products-details-wrap\"><a href=\"https:\/\/sgsr.sn\/?product=pull-soutien-soudan\" class=\"premium-woo-product__link\"><h2 class=\"woocommerce-loop-product__title\">Pull soutien Soudan<\/h2><\/a>\t\t\t<span class=\"premium-woo-product-category\">\n\t\t\t\tPull\t\t\t<\/span>\n\t\t\t\n\t<span class=\"price\"><span class=\"woocommerce-Price-amount amount\"><bdi>15 000&nbsp;<span class=\"woocommerce-Price-currencySymbol\">CFA<\/span><\/bdi><\/span><\/span>\n<div class=\"premium-woo-atc-button\" ><a href=\"https:\/\/sgsr.sn\/?product=pull-soutien-soudan\" data-quantity=\"1\" class=\"button product_type_simple \" data-product_id=\"1990\" data-product_sku=\"\" aria-label=\"En savoir plus sur &ldquo;Pull soutien Soudan&rdquo;\" aria-describedby=\"\" rel=\"nofollow\">Lire la suite<\/a><\/div><\/div>\t<\/div>\n<\/li>\n\n<li class=\" post-1987 product  outofstock shipping-taxable purchasable product-type-simple\">\n\t<div class=\"premium-woo-product-wrapper premium-con-lq__none\">\n\t\t<div class=\"premium-woo-product-thumbnail\"><a href=\"https:\/\/sgsr.sn\/?product=pull-soutien-congo\" class=\"woocommerce-LoopProduct-link woocommerce-loop-product__link\"><img decoding=\"async\" src=\"https:\/\/sgsr.sn\/wp-content\/uploads\/2024\/06\/Design-sans-titre-102.png\" alt=\"\"><img decoding=\"async\" width=\"1024\" height=\"1024\" src=\"https:\/\/sgsr.sn\/wp-content\/uploads\/2024\/06\/Design-sans-titre-103.png\" class=\"premium-woo-product__on_hover\" alt=\"\" srcset=\"https:\/\/sgsr.sn\/wp-content\/uploads\/2024\/06\/Design-sans-titre-103.png 1024w, https:\/\/sgsr.sn\/wp-content\/uploads\/2024\/06\/Design-sans-titre-103-300x300.png 300w, https:\/\/sgsr.sn\/wp-content\/uploads\/2024\/06\/Design-sans-titre-103-150x150.png 150w, https:\/\/sgsr.sn\/wp-content\/uploads\/2024\/06\/Design-sans-titre-103-768x768.png 768w, https:\/\/sgsr.sn\/wp-content\/uploads\/2024\/06\/Design-sans-titre-103-600x600.png 600w, https:\/\/sgsr.sn\/wp-content\/uploads\/2024\/06\/Design-sans-titre-103-100x100.png 100w\" sizes=\"(max-width: 1024px) 100vw, 1024px\" \/><\/a><div class=\"premium-woo-qv-btn premium-woo-qv-btn-translate\" data-product-id=\"1987\">Vue rapide<i class=\"premium-woo-qv-icon fa fa-eye\" aria-hidden=\"true\"><\/i><\/div><\/div><div class=\"premium-woo-products-details-wrap\"><a href=\"https:\/\/sgsr.sn\/?product=pull-soutien-congo\" class=\"premium-woo-product__link\"><h2 class=\"woocommerce-loop-product__title\">Pull soutien Congo<\/h2><\/a>\t\t\t<span class=\"premium-woo-product-category\">\n\t\t\t\tPull\t\t\t<\/span>\n\t\t\t\n\t<span class=\"price\"><span class=\"woocommerce-Price-amount amount\"><bdi>15 000&nbsp;<span class=\"woocommerce-Price-currencySymbol\">CFA<\/span><\/bdi><\/span><\/span>\n<div class=\"premium-woo-atc-button\" ><a href=\"https:\/\/sgsr.sn\/?product=pull-soutien-congo\" data-quantity=\"1\" class=\"button product_type_simple \" data-product_id=\"1987\" data-product_sku=\"\" aria-label=\"En savoir plus sur &ldquo;Pull soutien Congo&rdquo;\" aria-describedby=\"\" rel=\"nofollow\">Lire la suite<\/a><\/div><\/div>\t<\/div>\n<\/li>\n\n<li class=\" post-1984 product  outofstock shipping-taxable purchasable product-type-simple\">\n\t<div class=\"premium-woo-product-wrapper premium-con-lq__none\">\n\t\t<div class=\"premium-woo-product-thumbnail\"><a href=\"https:\/\/sgsr.sn\/?product=pull-soutien-palestine\" class=\"woocommerce-LoopProduct-link woocommerce-loop-product__link\"><img decoding=\"async\" src=\"https:\/\/sgsr.sn\/wp-content\/uploads\/2024\/06\/Design-sans-titre-100.png\" alt=\"\"><img decoding=\"async\" width=\"1024\" height=\"1024\" src=\"https:\/\/sgsr.sn\/wp-content\/uploads\/2024\/06\/Design-sans-titre-101.png\" class=\"premium-woo-product__on_hover\" alt=\"\" srcset=\"https:\/\/sgsr.sn\/wp-content\/uploads\/2024\/06\/Design-sans-titre-101.png 1024w, https:\/\/sgsr.sn\/wp-content\/uploads\/2024\/06\/Design-sans-titre-101-300x300.png 300w, https:\/\/sgsr.sn\/wp-content\/uploads\/2024\/06\/Design-sans-titre-101-150x150.png 150w, https:\/\/sgsr.sn\/wp-content\/uploads\/2024\/06\/Design-sans-titre-101-768x768.png 768w, https:\/\/sgsr.sn\/wp-content\/uploads\/2024\/06\/Design-sans-titre-101-600x600.png 600w, https:\/\/sgsr.sn\/wp-content\/uploads\/2024\/06\/Design-sans-titre-101-100x100.png 100w\" sizes=\"(max-width: 1024px) 100vw, 1024px\" \/><\/a><div class=\"premium-woo-qv-btn premium-woo-qv-btn-translate\" data-product-id=\"1984\">Vue rapide<i class=\"premium-woo-qv-icon fa fa-eye\" aria-hidden=\"true\"><\/i><\/div><\/div><div class=\"premium-woo-products-details-wrap\"><a href=\"https:\/\/sgsr.sn\/?product=pull-soutien-palestine\" class=\"premium-woo-product__link\"><h2 class=\"woocommerce-loop-product__title\">Pull soutien Palestine<\/h2><\/a>\t\t\t<span class=\"premium-woo-product-category\">\n\t\t\t\tPull\t\t\t<\/span>\n\t\t\t\n\t<span class=\"price\"><span class=\"woocommerce-Price-amount amount\"><bdi>15 000&nbsp;<span class=\"woocommerce-Price-currencySymbol\">CFA<\/span><\/bdi><\/span><\/span>\n<div class=\"premium-woo-atc-button\" ><a href=\"https:\/\/sgsr.sn\/?product=pull-soutien-palestine\" data-quantity=\"1\" class=\"button product_type_simple \" data-product_id=\"1984\" data-product_sku=\"\" aria-label=\"En savoir plus sur &ldquo;Pull soutien Palestine&rdquo;\" aria-describedby=\"\" rel=\"nofollow\">Lire la suite<\/a><\/div><\/div>\t<\/div>\n<\/li>\n\n<li class=\" post-1982 product last outofstock shipping-taxable purchasable product-type-simple\">\n\t<div class=\"premium-woo-product-wrapper premium-con-lq__none\">\n\t\t<div class=\"premium-woo-product-thumbnail\"><a href=\"https:\/\/sgsr.sn\/?product=casquette-sunugaalsunureew\" class=\"woocommerce-LoopProduct-link woocommerce-loop-product__link\"><img decoding=\"async\" src=\"https:\/\/sgsr.sn\/wp-content\/uploads\/2024\/06\/Design-sans-titre-99.png\" alt=\"\"><\/a><div class=\"premium-woo-qv-btn premium-woo-qv-btn-translate\" data-product-id=\"1982\">Vue rapide<i class=\"premium-woo-qv-icon fa fa-eye\" aria-hidden=\"true\"><\/i><\/div><\/div><div class=\"premium-woo-products-details-wrap\"><a href=\"https:\/\/sgsr.sn\/?product=casquette-sunugaalsunureew\" class=\"premium-woo-product__link\"><h2 class=\"woocommerce-loop-product__title\">Casquette SUNUGAALSUNUREEW<\/h2><\/a>\t\t\t<span class=\"premium-woo-product-category\">\n\t\t\t\tCasquette\t\t\t<\/span>\n\t\t\t\n\t<span class=\"price\"><span class=\"woocommerce-Price-amount amount\"><bdi>5 000&nbsp;<span class=\"woocommerce-Price-currencySymbol\">CFA<\/span><\/bdi><\/span><\/span>\n<div class=\"premium-woo-atc-button\" ><a href=\"https:\/\/sgsr.sn\/?product=casquette-sunugaalsunureew\" data-quantity=\"1\" class=\"button product_type_simple \" data-product_id=\"1982\" data-product_sku=\"\" aria-label=\"En savoir plus sur &ldquo;Casquette SUNUGAALSUNUREEW&rdquo;\" aria-describedby=\"\" rel=\"nofollow\">Lire la suite<\/a><\/div><\/div>\t<\/div>\n<\/li>\n\n<li class=\" post-1838 product first outofstock shipping-taxable purchasable product-type-simple\">\n\t<div class=\"premium-woo-product-wrapper premium-con-lq__none\">\n\t\t<div class=\"premium-woo-product-thumbnail\"><a href=\"https:\/\/sgsr.sn\/?product=polo-sunugaalsunureew\" class=\"woocommerce-LoopProduct-link woocommerce-loop-product__link\"><img decoding=\"async\" src=\"https:\/\/sgsr.sn\/wp-content\/uploads\/2024\/06\/Design-sans-titre-98.png\" alt=\"\"><\/a><div class=\"premium-woo-qv-btn premium-woo-qv-btn-translate\" data-product-id=\"1838\">Vue rapide<i class=\"premium-woo-qv-icon fa fa-eye\" aria-hidden=\"true\"><\/i><\/div><\/div><div class=\"premium-woo-products-details-wrap\"><a href=\"https:\/\/sgsr.sn\/?product=polo-sunugaalsunureew\" class=\"premium-woo-product__link\"><h2 class=\"woocommerce-loop-product__title\">Polo SUNUGAALSUNUREEW<\/h2><\/a>\t\t\t<span class=\"premium-woo-product-category\">\n\t\t\t\tPolo\t\t\t<\/span>\n\t\t\t\n\t<span class=\"price\"><span class=\"woocommerce-Price-amount amount\"><bdi>11 000&nbsp;<span class=\"woocommerce-Price-currencySymbol\">CFA<\/span><\/bdi><\/span><\/span>\n<div class=\"premium-woo-atc-button\" ><a href=\"https:\/\/sgsr.sn\/?product=polo-sunugaalsunureew\" data-quantity=\"1\" class=\"button product_type_simple \" data-product_id=\"1838\" data-product_sku=\"\" aria-label=\"En savoir plus sur &ldquo;Polo SUNUGAALSUNUREEW&rdquo;\" aria-describedby=\"\" rel=\"nofollow\">Lire la suite<\/a><\/div><\/div>\t<\/div>\n<\/li>\n<\/ul>\n<\/div><\/div><div id=\"premium-woo-quick-view-4a9a3f1\" class=\"premium-woo-quick-view-4a9a3f1\">\r\n\t<div class=\"premium-woo-quick-view-back\">\r\n\t\t<div class=\"premium-woo-quick-view-loader\"><\/div>\r\n\t<\/div>\r\n\t<div id=\"premium-woo-quick-view-modal\">\r\n\t\t<div class=\"premium-woo-content-main-wrapper\"><!--\r\n\t\t--><div class=\"premium-woo-content-main\">\r\n\t\t\t\t<div class=\"premium-woo-lightbox-content\">\r\n\r\n\t\t\t\t\t<a href=\"#\" class=\"premium-woo-quick-view-close fa fa-window-close\"><\/a>\r\n\r\n\t\t\t\t\t<div id=\"premium-woo-quick-view-content\" class=\"woocommerce single-product\"><\/div>\r\n\t\t\t\t<\/div>\r\n\t\t\t<\/div>\r\n\t\t<\/div>\r\n\t<\/div>\r\n<\/div>\r\n\t\t\t\t<\/div>\n\t\t\t\t<\/div>\n\t\t\t\t\t<\/div>\n\t\t\t\t<\/div>\n\t\t\t\t<\/div>\n\t\t","protected":false},"excerpt":{"rendered":"<p>Faite vous plaisir en aidant Bienvenue sur notre site ! Ici, chaque achat que vous faites contribue directement \u00e0 une cause importante. En effet, tous les b\u00e9n\u00e9fices g\u00e9n\u00e9r\u00e9s par la vente de ces articles servent \u00e0 financer les missions de Sunugaalsunureew, notre association d\u00e9di\u00e9e \u00e0 soutenir les plus d\u00e9munis et \u00e0 offrir des chances \u00e9gales [&hellip;]<\/p>\n","protected":false},"author":1,"featured_media":0,"parent":0,"menu_order":0,"comment_status":"closed","ping_status":"closed","template":"","meta":{"site-sidebar-layout":"no-sidebar","site-content-layout":"page-builder","ast-site-content-layout":"full-width-container","site-content-style":"default","site-sidebar-style":"default","ast-global-header-display":"","ast-banner-title-visibility":"","ast-main-header-display":"","ast-hfb-above-header-display":"","ast-hfb-below-header-display":"","ast-hfb-mobile-header-display":"","site-post-title":"disabled","ast-breadcrumbs-content":"","ast-featured-img":"disabled","footer-sml-layout":"","ast-disable-related-posts":"","theme-transparent-header-meta":"","adv-header-id-meta":"","stick-header-meta":"","header-above-stick-meta":"","header-main-stick-meta":"","header-below-stick-meta":"","astra-migrate-meta-layouts":"set","ast-page-background-enabled":"default","ast-page-background-meta":{"desktop":{"background-color":"var(--ast-global-color-5)","background-image":"","background-repeat":"repeat","background-position":"center center","background-size":"auto","background-attachment":"scroll","background-type":"","background-media":"","overlay-type":"","overlay-color":"","overlay-opacity":"","overlay-gradient":""},"tablet":{"background-color":"","background-image":"","background-repeat":"repeat","background-position":"center center","background-size":"auto","background-attachment":"scroll","background-type":"","background-media":"","overlay-type":"","overlay-color":"","overlay-opacity":"","overlay-gradient":""},"mobile":{"background-color":"","background-image":"","background-repeat":"repeat","background-position":"center center","background-size":"auto","background-attachment":"scroll","background-type":"","background-media":"","overlay-type":"","overlay-color":"","overlay-opacity":"","overlay-gradient":""}},"ast-content-background-meta":{"desktop":{"background-color":"var(--ast-global-color-4)","background-image":"","background-repeat":"repeat","background-position":"center center","background-size":"auto","background-attachment":"scroll","background-type":"","background-media":"","overlay-type":"","overlay-color":"","overlay-opacity":"","overlay-gradient":""},"tablet":{"background-color":"var(--ast-global-color-4)","background-image":"","background-repeat":"repeat","background-position":"center center","background-size":"auto","background-attachment":"scroll","background-type":"","background-media":"","overlay-type":"","overlay-color":"","overlay-opacity":"","overlay-gradient":""},"mobile":{"background-color":"var(--ast-global-color-4)","background-image":"","background-repeat":"repeat","background-position":"center center","background-size":"auto","background-attachment":"scroll","background-type":"","background-media":"","overlay-type":"","overlay-color":"","overlay-opacity":"","overlay-gradient":""}},"footnotes":""},"_links":{"self":[{"href":"https:\/\/sgsr.sn\/index.php?rest_route=\/wp\/v2\/pages\/1665"}],"collection":[{"href":"https:\/\/sgsr.sn\/index.php?rest_route=\/wp\/v2\/pages"}],"about":[{"href":"https:\/\/sgsr.sn\/index.php?rest_route=\/wp\/v2\/types\/page"}],"author":[{"embeddable":true,"href":"https:\/\/sgsr.sn\/index.php?rest_route=\/wp\/v2\/users\/1"}],"replies":[{"embeddable":true,"href":"https:\/\/sgsr.sn\/index.php?rest_route=%2Fwp%2Fv2%2Fcomments&post=1665"}],"version-history":[{"count":42,"href":"https:\/\/sgsr.sn\/index.php?rest_route=\/wp\/v2\/pages\/1665\/revisions"}],"predecessor-version":[{"id":2296,"href":"https:\/\/sgsr.sn\/index.php?rest_route=\/wp\/v2\/pages\/1665\/revisions\/2296"}],"wp:attachment":[{"href":"https:\/\/sgsr.sn\/index.php?rest_route=%2Fwp%2Fv2%2Fmedia&parent=1665"}],"curies":[{"name":"wp","href":"https:\/\/api.w.org\/{rel}","templated":true}]}}